{"id":4906,"date":"2022-12-12T07:10:41","date_gmt":"2022-12-12T07:10:41","guid":{"rendered":"https:\/\/igaming24.io\/ota-yhteytta\/"},"modified":"2023-10-24T10:11:40","modified_gmt":"2023-10-24T10:11:40","slug":"ota-yhteytta","status":"publish","type":"page","link":"https:\/\/igaming24.io\/fi\/ota-yhteytta\/","title":{"rendered":"Ota yhteytt\u00e4"},"content":{"rendered":"\t\t<div data-elementor-type=\"wp-page\" data-elementor-id=\"4906\" class=\"elementor elementor-4906 elementor-1602\" data-elementor-post-type=\"page\">\n\t\t\t\t\t\t<section class=\"elementor-section elementor-top-section elementor-element elementor-element-caffc90 elementor-section-boxed elementor-section-height-default elementor-section-height-default\" data-id=\"caffc90\" data-element_type=\"section\">\n\t\t\t\t\t\t<div class=\"elementor-container elementor-column-gap-custom\">\n\t\t\t\t\t<div class=\"elementor-column elementor-col-100 elementor-top-column elementor-element elementor-element-93fc17a\" data-id=\"93fc17a\" data-element_type=\"column\">\n\t\t\t<div class=\"elementor-widget-wrap elementor-element-populated\">\n\t\t\t\t\t\t<div class=\"elementor-element elementor-element-c186811 elementor-widget elementor-widget-foxiz-heading\" data-id=\"c186811\" data-element_type=\"widget\" data-widget_type=\"foxiz-heading.default\">\n\t\t\t\t<div class=\"elementor-widget-container\">\n\t\t\t<div id=\"uid_c186811\" class=\"block-h heading-layout-c10\"><div class=\"heading-inner\"><h3 class=\"heading-title\"><span>Get In Touch<\/span><\/h3><\/div><\/div>\t\t<\/div>\n\t\t\t\t<\/div>\n\t\t\t\t<div class=\"elementor-element elementor-element-25c3c22 elementor-widget elementor-widget-foxiz-heading\" data-id=\"25c3c22\" data-element_type=\"widget\" data-widget_type=\"foxiz-heading.default\">\n\t\t\t\t<div class=\"elementor-widget-container\">\n\t\t\t<div id=\"uid_25c3c22\" class=\"block-h heading-layout-c10\"><div class=\"heading-inner\"><h1 class=\"heading-title\"><span>Contact US<\/span><\/h1><\/div><\/div>\t\t<\/div>\n\t\t\t\t<\/div>\n\t\t\t\t\t<\/div>\n\t\t<\/div>\n\t\t\t\t\t<\/div>\n\t\t<\/section>\n\t\t\t\t<section class=\"elementor-section elementor-top-section elementor-element elementor-element-6ba5260 elementor-section-boxed elementor-section-height-default elementor-section-height-default\" data-id=\"6ba5260\" data-element_type=\"section\">\n\t\t\t\t\t\t<div class=\"elementor-container elementor-column-gap-custom\">\n\t\t\t\t\t<div class=\"elementor-column elementor-col-66 elementor-top-column elementor-element elementor-element-ffe814a\" data-id=\"ffe814a\" data-element_type=\"column\">\n\t\t\t<div class=\"elementor-widget-wrap elementor-element-populated\">\n\t\t\t\t\t\t<div class=\"elementor-element elementor-element-469fa9c elementor-widget elementor-widget-text-editor\" data-id=\"469fa9c\" data-element_type=\"widget\" data-widget_type=\"text-editor.default\">\n\t\t\t\t<div class=\"elementor-widget-container\">\n\t\t\t<style>\/*! elementor - v3.22.0 - 26-06-2024 *\/\n.elementor-widget-text-editor.elementor-drop-cap-view-stacked .elementor-drop-cap{background-color:#69727d;color:#fff}.elementor-widget-text-editor.elementor-drop-cap-view-framed .elementor-drop-cap{color:#69727d;border:3px solid;background-color:transparent}.elementor-widget-text-editor:not(.elementor-drop-cap-view-default) .elementor-drop-cap{margin-top:8px}.elementor-widget-text-editor:not(.elementor-drop-cap-view-default) .elementor-drop-cap-letter{width:1em;height:1em}.elementor-widget-text-editor .elementor-drop-cap{float:left;text-align:center;line-height:1;font-size:50px}.elementor-widget-text-editor .elementor-drop-cap-letter{display:inline-block}<\/style>\t\t\t\t<p>Kiitos, ett\u00e4 vierailit iGaming24.io-sivustolla! Olemme sitoutuneet tarjoamaan sinulle viimeisimm\u00e4t uutiset, arvostelut ja n\u00e4kemykset iGaming-teollisuudesta.<\/p>\n\t\t\t\t\t\t<\/div>\n\t\t\t\t<\/div>\n\t\t\t\t<div class=\"elementor-element elementor-element-3125def elementor-widget elementor-widget-shortcode\" data-id=\"3125def\" data-element_type=\"widget\" data-widget_type=\"shortcode.default\">\n\t\t\t\t<div class=\"elementor-widget-container\">\n\t\t\t\t\t<div class=\"elementor-shortcode\">[wpforms id=\"4725\"]<\/div>\n\t\t\t\t<\/div>\n\t\t\t\t<\/div>\n\t\t\t\t\t<\/div>\n\t\t<\/div>\n\t\t\t\t<div class=\"elementor-column elementor-col-33 elementor-top-column elementor-element elementor-element-75972dc\" data-id=\"75972dc\" data-element_type=\"column\">\n\t\t\t<div class=\"elementor-widget-wrap elementor-element-populated\">\n\t\t\t\t\t\t<div class=\"elementor-element elementor-element-439fe7d yes-colorful elementor-widget elementor-widget-foxiz-social-follower\" data-id=\"439fe7d\" data-element_type=\"widget\" data-widget_type=\"foxiz-social-follower.default\">\n\t\t\t\t<div class=\"elementor-widget-container\">\n\t\t\t        <div class=\"socials-counter h6 is-style-3 is-icon-color is-h-bg\">\r\n            <div class=\"social-follower effect-fadeout\">\r\n\r\n\t\t\t\t                    <div class=\"follower-el fb-follower\">\r\n                        <a target=\"_blank\" href=\"https:\/\/facebook.com\/envato\" class=\"facebook\" aria-label=\"Facebook\" rel=\"noopener nofollow\"><\/a>\r\n                        <span class=\"follower-inner\">\r\n                                <span class=\"fnicon\"><i class=\"rbi rbi-facebook\" aria-hidden=\"true\"><\/i><\/span>\r\n                                                                    <span class=\"fnlabel\">Facebook<\/span>\r\n                                    <span class=\"text-count\">Like<\/span>\r\n                                                            <\/span>\r\n                    <\/div>\r\n\t\t\t\t                    <div class=\"follower-el twitter-follower\">\r\n                        <a target=\"_blank\" href=\"https:\/\/twitter.com\/envato\" class=\"twitter\" aria-label=\"Twitter\" rel=\"noopener nofollow\"><\/a>\r\n                        <span class=\"follower-inner\">\r\n                                <span class=\"fnicon\"><i class=\"rbi rbi-twitter\" aria-hidden=\"true\"><\/i><\/span>\r\n                                                                    <span class=\"fnlabel\">Twitter<\/span>\r\n                                    <span class=\"text-count\">Follow<\/span>\r\n                                                            <\/span>\r\n                    <\/div>\r\n\t\t\t\t                    <div class=\"follower-el pinterest-follower\">\r\n                        <a target=\"_blank\" href=\"https:\/\/pinterest.com\/envato\" class=\"pinterest\" aria-label=\"Pinterest\" rel=\"noopener nofollow\"><\/a>\r\n                        <span class=\"follower-inner\">\r\n                                <span class=\"fnicon\"><i class=\"rbi rbi-pinterest\" aria-hidden=\"true\"><\/i><\/span>\r\n                                                                    <span class=\"fnlabel\">Pinterest<\/span>\r\n                                    <span class=\"text-count\">Pin<\/span>\r\n                                                            <\/span>\r\n                    <\/div>\r\n\t\t\t\t                    <div class=\"follower-el instagram-follower\">\r\n                        <a target=\"_blank\" href=\"https:\/\/instagram.com\/envato\" class=\"instagram\" aria-label=\"Instagram\" rel=\"noopener nofollow\"><\/a>\r\n                        <span class=\"follower-inner\">\r\n                                <span class=\"fnicon\"><i class=\"rbi rbi-instagram\" aria-hidden=\"true\"><\/i><\/span>\r\n                                                                            <span class=\"fnlabel\">Instagram<\/span>\r\n                                        <span class=\"text-count\">Follow<\/span>\r\n                                                                <\/span>\r\n                    <\/div>\r\n\t\t\t\t            <\/div>\r\n        <\/div>\r\n\t\t\t\t<\/div>\n\t\t\t\t<\/div>\n\t\t\t\t\t<\/div>\n\t\t<\/div>\n\t\t\t\t\t<\/div>\n\t\t<\/section>\n\t\t\t\t<\/div>\n\t\t","protected":false},"excerpt":{"rendered":"<p>Get In Touch Contact US Kiitos, ett\u00e4 vierailit iGaming24.io-sivustolla! Olemme sitoutuneet tarjoamaan sinulle viimeisimm\u00e4t uutiset, arvostelut ja n\u00e4kemykset iGaming-teollisuudesta. [wpforms id=&#8221;4725&#8243;] Facebook Like Twitter Follow Pinterest Pin Instagram Follow<\/p>\n","protected":false},"author":1,"featured_media":0,"parent":0,"menu_order":0,"comment_status":"closed","ping_status":"closed","template":"","meta":{"content-type":"","footnotes":""},"class_list":["post-4906","page","type-page","status-publish"],"_links":{"self":[{"href":"https:\/\/igaming24.io\/fi\/wp-json\/wp\/v2\/pages\/4906","targetHints":{"allow":["GET"]}}],"collection":[{"href":"https:\/\/igaming24.io\/fi\/wp-json\/wp\/v2\/pages"}],"about":[{"href":"https:\/\/igaming24.io\/fi\/wp-json\/wp\/v2\/types\/page"}],"author":[{"embeddable":true,"href":"https:\/\/igaming24.io\/fi\/wp-json\/wp\/v2\/users\/1"}],"replies":[{"embeddable":true,"href":"https:\/\/igaming24.io\/fi\/wp-json\/wp\/v2\/comments?post=4906"}],"version-history":[{"count":1,"href":"https:\/\/igaming24.io\/fi\/wp-json\/wp\/v2\/pages\/4906\/revisions"}],"predecessor-version":[{"id":4910,"href":"https:\/\/igaming24.io\/fi\/wp-json\/wp\/v2\/pages\/4906\/revisions\/4910"}],"wp:attachment":[{"href":"https:\/\/igaming24.io\/fi\/wp-json\/wp\/v2\/media?parent=4906"}],"curies":[{"name":"wp","href":"https:\/\/api.w.org\/{rel}","templated":true}]}}